{"id":1560,"date":"2023-08-16T16:18:20","date_gmt":"2023-08-16T14:18:20","guid":{"rendered":"https:\/\/pasiekawlipce.pl\/?page_id=1560"},"modified":"2024-01-27T17:05:24","modified_gmt":"2024-01-27T16:05:24","slug":"zajecia-w-pasiece-3","status":"publish","type":"page","link":"https:\/\/pasiekawlipce.pl\/index.php\/zajecia-w-pasiece-3\/","title":{"rendered":"Urodziny i inne spotkania"},"content":{"rendered":"\t\t<div data-elementor-type=\"wp-page\" data-elementor-id=\"1560\" class=\"elementor elementor-1560\" data-elementor-post-type=\"page\">\n\t\t\t\t\t\t<section class=\"elementor-section elementor-top-section elementor-element elementor-element-83746e8 elementor-section-height-min-height elementor-section-boxed elementor-section-height-default elementor-section-items-middle\" data-id=\"83746e8\" data-element_type=\"section\" data-e-type=\"section\" data-settings=\"{&quot;background_background&quot;:&quot;classic&quot;}\">\n\t\t\t\t\t\t\t<div class=\"elementor-background-overlay\"><\/div>\n\t\t\t\t\t\t\t<div class=\"elementor-container elementor-column-gap-default\">\n\t\t\t\t\t<div class=\"elementor-column elementor-col-100 elementor-top-column elementor-element elementor-element-09faee3\" data-id=\"09faee3\" data-element_type=\"column\" data-e-type=\"column\">\n\t\t\t<div class=\"elementor-widget-wrap elementor-element-populated\">\n\t\t\t\t\t\t<div class=\"elementor-element elementor-element-c7152a9 elementor-widget elementor-widget-heading\" data-id=\"c7152a9\" data-element_type=\"widget\" data-e-type=\"widget\" data-widget_type=\"heading.default\">\n\t\t\t\t<div class=\"elementor-widget-container\">\n\t\t\t\t\t<h1 class=\"elementor-heading-title elementor-size-default\">Urodziny  i  inne spotkania<\/h1>\t\t\t\t<\/div>\n\t\t\t\t<\/div>\n\t\t\t\t\t<\/div>\n\t\t<\/div>\n\t\t\t\t\t<\/div>\n\t\t<\/section>\n\t\t\t\t<section class=\"elementor-section elementor-top-section elementor-element elementor-element-1f6049b elementor-section-boxed elementor-section-height-default elementor-section-height-default\" data-id=\"1f6049b\" data-element_type=\"section\" data-e-type=\"section\">\n\t\t\t\t\t\t<div class=\"elementor-container elementor-column-gap-default\">\n\t\t\t\t\t<div class=\"elementor-column elementor-col-100 elementor-top-column elementor-element elementor-element-66399f3\" data-id=\"66399f3\" data-element_type=\"column\" data-e-type=\"column\">\n\t\t\t<div class=\"elementor-widget-wrap elementor-element-populated\">\n\t\t\t\t\t\t<div class=\"elementor-element elementor-element-ae83c89 elementor-widget elementor-widget-heading\" data-id=\"ae83c89\" data-element_type=\"widget\" data-e-type=\"widget\" data-widget_type=\"heading.default\">\n\t\t\t\t<div class=\"elementor-widget-container\">\n\t\t\t\t\t<h4 class=\"elementor-heading-title elementor-size-default\">W naszej zagrodzie mo\u017cecie zorganizowa\u0107 urodziny dla swojego dziecka, czy te\u017c inne spotkania rodzinne, czy integracyjne. Mog\u0119 Wam na nich opowiedzie\u0107 o pszczo\u0142ach, pokaza\u0107 je Wam, lub zrobi\u0107 wybrane przez Was warsztaty, kt\u00f3re proponujemy. Sprawicie swoim go\u015bciom wyj\u0105tkow\u0105 niespodziank\u0119 \u2013 po\u017cyteczny czas sp\u0119dzony na \u0142onie natury, w swobodnej atmosferze.\nSchemat warsztat\u00f3w jest podobny. R\u00f3\u017cni\u0105 si\u0119 one mi\u0119dzy sob\u0105 samym rodzajem warsztat\u00f3w, jakie b\u0119dziemy przeprowadza\u0107. Czyli inaczej m\u00f3wi\u0105c: z czym od wyjedziecie.\nPami\u0119tajcie te\u017c, \u017ce je\u015bli macie inny pomys\u0142 na to, jak sp\u0119dzi\u0107 u nas czas, jeste\u015bmy otwarci.\nA poni\u017cej przyk\u0142ad takiego spotkania:\n<\/h4>\t\t\t\t<\/div>\n\t\t\t\t<\/div>\n\t\t\t\t\t<\/div>\n\t\t<\/div>\n\t\t\t\t\t<\/div>\n\t\t<\/section>\n\t\t\t\t<section class=\"elementor-section elementor-top-section elementor-element elementor-element-a92bf94 elementor-section-boxed elementor-section-height-default elementor-section-height-default\" data-id=\"a92bf94\" data-element_type=\"section\" data-e-type=\"section\">\n\t\t\t\t\t\t<div class=\"elementor-container elementor-column-gap-default\">\n\t\t\t\t\t<div class=\"elementor-column elementor-col-50 elementor-top-column elementor-element elementor-element-f485586\" data-id=\"f485586\" data-element_type=\"column\" data-e-type=\"column\">\n\t\t\t<div class=\"elementor-widget-wrap elementor-element-populated\">\n\t\t\t\t\t\t<div class=\"elementor-element elementor-element-b5d284b elementor-widget elementor-widget-image\" data-id=\"b5d284b\" data-element_type=\"widget\" data-e-type=\"widget\" data-widget_type=\"image.default\">\n\t\t\t\t<div class=\"elementor-widget-container\">\n\t\t\t\t\t\t\t\t\t\t\t\t\t\t\t<img fetchpriority=\"high\" decoding=\"async\" width=\"1280\" height=\"854\" src=\"https:\/\/pasiekawlipce.pl\/wp-content\/uploads\/2024\/01\/honey-bees-beehive-honey-326334.jpg\" class=\"attachment-full size-full wp-image-1776\" alt=\"miod01\" srcset=\"https:\/\/pasiekawlipce.pl\/wp-content\/uploads\/2024\/01\/honey-bees-beehive-honey-326334.jpg 1280w, https:\/\/pasiekawlipce.pl\/wp-content\/uploads\/2024\/01\/honey-bees-beehive-honey-326334-300x200.jpg 300w, https:\/\/pasiekawlipce.pl\/wp-content\/uploads\/2024\/01\/honey-bees-beehive-honey-326334-1024x683.jpg 1024w, https:\/\/pasiekawlipce.pl\/wp-content\/uploads\/2024\/01\/honey-bees-beehive-honey-326334-768x512.jpg 768w\" sizes=\"(max-width: 1280px) 100vw, 1280px\" \/>\t\t\t\t\t\t\t\t\t\t\t\t\t\t\t<\/div>\n\t\t\t\t<\/div>\n\t\t\t\t\t<\/div>\n\t\t<\/div>\n\t\t\t\t<div class=\"elementor-column elementor-col-50 elementor-top-column elementor-element elementor-element-7d00c84\" data-id=\"7d00c84\" data-element_type=\"column\" data-e-type=\"column\">\n\t\t\t<div class=\"elementor-widget-wrap elementor-element-populated\">\n\t\t\t\t\t\t<div class=\"elementor-element elementor-element-8ce1b85 elementor-widget elementor-widget-heading\" data-id=\"8ce1b85\" data-element_type=\"widget\" data-e-type=\"widget\" data-widget_type=\"heading.default\">\n\t\t\t\t<div class=\"elementor-widget-container\">\n\t\t\t\t\t<h3 class=\"elementor-heading-title elementor-size-default\">Opowie\u015b\u0107 o pszczo\u0142ach \u2013 o tym, jak s\u0105 zorganizowane, jak s\u0105 wa\u017cne dla nas. <\/h3>\t\t\t\t<\/div>\n\t\t\t\t<\/div>\n\t\t\t\t<div class=\"elementor-element elementor-element-c31e03f elementor-widget elementor-widget-text-editor\" data-id=\"c31e03f\" data-element_type=\"widget\" data-e-type=\"widget\" data-widget_type=\"text-editor.default\">\n\t\t\t\t<div class=\"elementor-widget-container\">\n\t\t\t\t\t\t\t\t\t<p>Przekonacie si\u0119, \u017ce pszczo\u0142y s\u0105 bardzo m\u0105dre \u2013 a w swej inteligencji potrafi\u0105 by\u0107 okrutne. To jednak pozwala im trwa\u0107. Jestem przekonana, \u017ce zaskocz\u0119 Was nie raz tym, jak bardzo potrafi\u0105 sobie organizowa\u0107 \u017cycie.<\/p>\t\t\t\t\t\t\t\t<\/div>\n\t\t\t\t<\/div>\n\t\t\t\t\t<\/div>\n\t\t<\/div>\n\t\t\t\t\t<\/div>\n\t\t<\/section>\n\t\t\t\t<section class=\"elementor-section elementor-top-section elementor-element elementor-element-81b0575 elementor-section-boxed elementor-section-height-default elementor-section-height-default\" data-id=\"81b0575\" data-element_type=\"section\" data-e-type=\"section\">\n\t\t\t\t\t\t<div class=\"elementor-container elementor-column-gap-default\">\n\t\t\t\t\t<div class=\"elementor-column elementor-col-50 elementor-top-column elementor-element elementor-element-15cfb90\" data-id=\"15cfb90\" data-element_type=\"column\" data-e-type=\"column\">\n\t\t\t<div class=\"elementor-widget-wrap elementor-element-populated\">\n\t\t\t\t\t\t<div class=\"elementor-element elementor-element-a26d886 elementor-widget elementor-widget-image\" data-id=\"a26d886\" data-element_type=\"widget\" data-e-type=\"widget\" data-widget_type=\"image.default\">\n\t\t\t\t<div class=\"elementor-widget-container\">\n\t\t\t\t\t\t\t\t\t\t\t\t\t\t\t<img decoding=\"async\" width=\"1200\" height=\"1600\" src=\"https:\/\/pasiekawlipce.pl\/wp-content\/uploads\/2024\/01\/Zdjecie-do-sekcji-miody-i-produkty-pszczele.jpeg\" class=\"attachment-full size-full wp-image-1811\" alt=\"\" srcset=\"https:\/\/pasiekawlipce.pl\/wp-content\/uploads\/2024\/01\/Zdjecie-do-sekcji-miody-i-produkty-pszczele.jpeg 1200w, https:\/\/pasiekawlipce.pl\/wp-content\/uploads\/2024\/01\/Zdjecie-do-sekcji-miody-i-produkty-pszczele-225x300.jpeg 225w, https:\/\/pasiekawlipce.pl\/wp-content\/uploads\/2024\/01\/Zdjecie-do-sekcji-miody-i-produkty-pszczele-768x1024.jpeg 768w, https:\/\/pasiekawlipce.pl\/wp-content\/uploads\/2024\/01\/Zdjecie-do-sekcji-miody-i-produkty-pszczele-1152x1536.jpeg 1152w\" sizes=\"(max-width: 1200px) 100vw, 1200px\" \/>\t\t\t\t\t\t\t\t\t\t\t\t\t\t\t<\/div>\n\t\t\t\t<\/div>\n\t\t\t\t\t<\/div>\n\t\t<\/div>\n\t\t\t\t<div class=\"elementor-column elementor-col-50 elementor-top-column elementor-element elementor-element-97c09ce\" data-id=\"97c09ce\" data-element_type=\"column\" data-e-type=\"column\">\n\t\t\t<div class=\"elementor-widget-wrap elementor-element-populated\">\n\t\t\t\t\t\t<div class=\"elementor-element elementor-element-cfc6530 elementor-widget elementor-widget-heading\" data-id=\"cfc6530\" data-element_type=\"widget\" data-e-type=\"widget\" data-widget_type=\"heading.default\">\n\t\t\t\t<div class=\"elementor-widget-container\">\n\t\t\t\t\t<h3 class=\"elementor-heading-title elementor-size-default\">Degustacja miod\u00f3w na chlebie \u2013 posmakujecie r\u00f3\u017cnych rodzaj\u00f3w miodu. Porcja s\u0142odkiej energii wystarczy Wam na ca\u0142y dzie\u0144<\/h3>\t\t\t\t<\/div>\n\t\t\t\t<\/div>\n\t\t\t\t\t<\/div>\n\t\t<\/div>\n\t\t\t\t\t<\/div>\n\t\t<\/section>\n\t\t\t\t<section class=\"elementor-section elementor-top-section elementor-element elementor-element-f2400c1 elementor-section-boxed elementor-section-height-default elementor-section-height-default\" data-id=\"f2400c1\" data-element_type=\"section\" data-e-type=\"section\">\n\t\t\t\t\t\t<div class=\"elementor-container elementor-column-gap-default\">\n\t\t\t\t\t<div class=\"elementor-column elementor-col-50 elementor-top-column elementor-element elementor-element-7609ad3\" data-id=\"7609ad3\" data-element_type=\"column\" data-e-type=\"column\">\n\t\t\t<div class=\"elementor-widget-wrap elementor-element-populated\">\n\t\t\t\t\t\t<div class=\"elementor-element elementor-element-3dd6d97 elementor-widget elementor-widget-image\" data-id=\"3dd6d97\" data-element_type=\"widget\" data-e-type=\"widget\" data-widget_type=\"image.default\">\n\t\t\t\t<div class=\"elementor-widget-container\">\n\t\t\t\t\t\t\t\t\t\t\t\t\t\t\t<img decoding=\"async\" width=\"901\" height=\"1600\" src=\"https:\/\/pasiekawlipce.pl\/wp-content\/uploads\/2024\/01\/IMG_20220212_132625-scaled.jpg\" class=\"attachment-full size-full wp-image-1719\" alt=\"\" srcset=\"https:\/\/pasiekawlipce.pl\/wp-content\/uploads\/2024\/01\/IMG_20220212_132625-scaled.jpg 901w, https:\/\/pasiekawlipce.pl\/wp-content\/uploads\/2024\/01\/IMG_20220212_132625-169x300.jpg 169w, https:\/\/pasiekawlipce.pl\/wp-content\/uploads\/2024\/01\/IMG_20220212_132625-577x1024.jpg 577w, https:\/\/pasiekawlipce.pl\/wp-content\/uploads\/2024\/01\/IMG_20220212_132625-768x1364.jpg 768w, https:\/\/pasiekawlipce.pl\/wp-content\/uploads\/2024\/01\/IMG_20220212_132625-865x1536.jpg 865w, https:\/\/pasiekawlipce.pl\/wp-content\/uploads\/2024\/01\/IMG_20220212_132625-1153x2048.jpg 1153w\" sizes=\"(max-width: 901px) 100vw, 901px\" \/>\t\t\t\t\t\t\t\t\t\t\t\t\t\t\t<\/div>\n\t\t\t\t<\/div>\n\t\t\t\t\t<\/div>\n\t\t<\/div>\n\t\t\t\t<div class=\"elementor-column elementor-col-50 elementor-top-column elementor-element elementor-element-40bfc21\" data-id=\"40bfc21\" data-element_type=\"column\" data-e-type=\"column\">\n\t\t\t<div class=\"elementor-widget-wrap elementor-element-populated\">\n\t\t\t\t\t\t<div class=\"elementor-element elementor-element-7cce840 elementor-widget elementor-widget-heading\" data-id=\"7cce840\" data-element_type=\"widget\" data-e-type=\"widget\" data-widget_type=\"heading.default\">\n\t\t\t\t<div class=\"elementor-widget-container\">\n\t\t\t\t\t<h3 class=\"elementor-heading-title elementor-size-default\">Warsztaty (jedne z poni\u017cszych - odpowiednie do pory roku)<\/h3>\t\t\t\t<\/div>\n\t\t\t\t<\/div>\n\t\t\t\t<div class=\"elementor-element elementor-element-83a4317 elementor-position-left elementor-vertical-align-top elementor-widget elementor-widget-image-box\" data-id=\"83a4317\" data-element_type=\"widget\" data-e-type=\"widget\" data-widget_type=\"image-box.default\">\n\t\t\t\t<div class=\"elementor-widget-container\">\n\t\t\t\t\t<div class=\"elementor-image-box-wrapper\"><figure class=\"elementor-image-box-img\"><img loading=\"lazy\" decoding=\"async\" width=\"1031\" height=\"1280\" src=\"https:\/\/pasiekawlipce.pl\/wp-content\/uploads\/2024\/01\/honey-bee-bee-honey-469560.png\" class=\"attachment-full size-full wp-image-1948\" alt=\"honey bee, bee, honey-469560.jpg\" srcset=\"https:\/\/pasiekawlipce.pl\/wp-content\/uploads\/2024\/01\/honey-bee-bee-honey-469560.png 1031w, https:\/\/pasiekawlipce.pl\/wp-content\/uploads\/2024\/01\/honey-bee-bee-honey-469560-242x300.png 242w, https:\/\/pasiekawlipce.pl\/wp-content\/uploads\/2024\/01\/honey-bee-bee-honey-469560-825x1024.png 825w, https:\/\/pasiekawlipce.pl\/wp-content\/uploads\/2024\/01\/honey-bee-bee-honey-469560-768x953.png 768w\" sizes=\"(max-width: 1031px) 100vw, 1031px\" \/><\/figure><div class=\"elementor-image-box-content\"><h3 class=\"elementor-image-box-title\">Pszczo\u0142y<\/h3><p class=\"elementor-image-box-description\">Poka\u017c\u0119 Wam pszczo\u0142y z bliska, oraz sam\u0105 najwa\u017cniejsz\u0105 pszczo\u0142\u0119, czyli ich kr\u00f3low\u0105. Widok plastra, na kt\u00f3rym toczy si\u0119 \u017cycie pszcz\u00f3\u0142, pozostanie na d\u0142ugo w Waszej pami\u0119ci<\/p><\/div><\/div>\t\t\t\t<\/div>\n\t\t\t\t<\/div>\n\t\t\t\t<div class=\"elementor-element elementor-element-37e2491 elementor-position-left elementor-vertical-align-top elementor-widget elementor-widget-image-box\" data-id=\"37e2491\" data-element_type=\"widget\" data-e-type=\"widget\" data-widget_type=\"image-box.default\">\n\t\t\t\t<div class=\"elementor-widget-container\">\n\t\t\t\t\t<div class=\"elementor-image-box-wrapper\"><figure class=\"elementor-image-box-img\"><img loading=\"lazy\" decoding=\"async\" width=\"1031\" height=\"1280\" src=\"https:\/\/pasiekawlipce.pl\/wp-content\/uploads\/2024\/01\/honey-bee-bee-honey-469560.png\" class=\"attachment-full size-full wp-image-1948\" alt=\"honey bee, bee, honey-469560.jpg\" srcset=\"https:\/\/pasiekawlipce.pl\/wp-content\/uploads\/2024\/01\/honey-bee-bee-honey-469560.png 1031w, https:\/\/pasiekawlipce.pl\/wp-content\/uploads\/2024\/01\/honey-bee-bee-honey-469560-242x300.png 242w, https:\/\/pasiekawlipce.pl\/wp-content\/uploads\/2024\/01\/honey-bee-bee-honey-469560-825x1024.png 825w, https:\/\/pasiekawlipce.pl\/wp-content\/uploads\/2024\/01\/honey-bee-bee-honey-469560-768x953.png 768w\" sizes=\"(max-width: 1031px) 100vw, 1031px\" \/><\/figure><div class=\"elementor-image-box-content\"><h3 class=\"elementor-image-box-title\">\u015awiece z wosku pszczelego<\/h3><p class=\"elementor-image-box-description\">Sk\u0105d si\u0119 bierze wosk i do czego nam s\u0142u\u017cy? Jak ju\u017c si\u0119 o tym dowiecie, zrobicie swoj\u0105 w\u0142asn\u0105 \u015bwieczk\u0119, aby jej zapach w Waszym domu przypomina\u0142 Wam, jak bardzo pszczo\u0142y s\u0105 wa\u017cne.<\/p><\/div><\/div>\t\t\t\t<\/div>\n\t\t\t\t<\/div>\n\t\t\t\t<div class=\"elementor-element elementor-element-22591f6 elementor-position-left elementor-vertical-align-top elementor-widget elementor-widget-image-box\" data-id=\"22591f6\" data-element_type=\"widget\" data-e-type=\"widget\" data-widget_type=\"image-box.default\">\n\t\t\t\t<div class=\"elementor-widget-container\">\n\t\t\t\t\t<div class=\"elementor-image-box-wrapper\"><figure class=\"elementor-image-box-img\"><img loading=\"lazy\" decoding=\"async\" width=\"1031\" height=\"1280\" src=\"https:\/\/pasiekawlipce.pl\/wp-content\/uploads\/2024\/01\/honey-bee-bee-honey-469560.png\" class=\"attachment-full size-full wp-image-1948\" alt=\"honey bee, bee, honey-469560.jpg\" srcset=\"https:\/\/pasiekawlipce.pl\/wp-content\/uploads\/2024\/01\/honey-bee-bee-honey-469560.png 1031w, https:\/\/pasiekawlipce.pl\/wp-content\/uploads\/2024\/01\/honey-bee-bee-honey-469560-242x300.png 242w, https:\/\/pasiekawlipce.pl\/wp-content\/uploads\/2024\/01\/honey-bee-bee-honey-469560-825x1024.png 825w, https:\/\/pasiekawlipce.pl\/wp-content\/uploads\/2024\/01\/honey-bee-bee-honey-469560-768x953.png 768w\" sizes=\"(max-width: 1031px) 100vw, 1031px\" \/><\/figure><div class=\"elementor-image-box-content\"><h3 class=\"elementor-image-box-title\">Myde\u0142ka glicerynowe <\/h3><p class=\"elementor-image-box-description\">Poznacie kilka zabawnych legend i fakt\u00f3w z historii myd\u0142a i brudu, po czym zrobicie swoje w\u0142asne myde\u0142ko i zabierzecie je do domu<\/p><\/div><\/div>\t\t\t\t<\/div>\n\t\t\t\t<\/div>\n\t\t\t\t<div class=\"elementor-element elementor-element-5114115 elementor-position-left elementor-vertical-align-top elementor-widget elementor-widget-image-box\" data-id=\"5114115\" data-element_type=\"widget\" data-e-type=\"widget\" data-widget_type=\"image-box.default\">\n\t\t\t\t<div class=\"elementor-widget-container\">\n\t\t\t\t\t<div class=\"elementor-image-box-wrapper\"><figure class=\"elementor-image-box-img\"><img loading=\"lazy\" decoding=\"async\" width=\"1031\" height=\"1280\" src=\"https:\/\/pasiekawlipce.pl\/wp-content\/uploads\/2024\/01\/honey-bee-bee-honey-469560.png\" class=\"attachment-full size-full wp-image-1948\" alt=\"honey bee, bee, honey-469560.jpg\" srcset=\"https:\/\/pasiekawlipce.pl\/wp-content\/uploads\/2024\/01\/honey-bee-bee-honey-469560.png 1031w, https:\/\/pasiekawlipce.pl\/wp-content\/uploads\/2024\/01\/honey-bee-bee-honey-469560-242x300.png 242w, https:\/\/pasiekawlipce.pl\/wp-content\/uploads\/2024\/01\/honey-bee-bee-honey-469560-825x1024.png 825w, https:\/\/pasiekawlipce.pl\/wp-content\/uploads\/2024\/01\/honey-bee-bee-honey-469560-768x953.png 768w\" sizes=\"(max-width: 1031px) 100vw, 1031px\" \/><\/figure><div class=\"elementor-image-box-content\"><h3 class=\"elementor-image-box-title\">\u015awi\u0105teczne<\/h3><p class=\"elementor-image-box-description\">W \u015bwi\u0105tecznym klimacie przenios\u0119 Was do krainy piernika. Opr\u00f3cz pysznych ciasteczek, b\u0119dziecie mogli zrobi\u0107 tez wianki lub inne ozdoby \u015bwi\u0105teczne.<\/p><\/div><\/div>\t\t\t\t<\/div>\n\t\t\t\t<\/div>\n\t\t\t\t<div class=\"elementor-element elementor-element-18dff64 elementor-widget elementor-widget-text-editor\" data-id=\"18dff64\" data-element_type=\"widget\" data-e-type=\"widget\" data-widget_type=\"text-editor.default\">\n\t\t\t\t<div class=\"elementor-widget-container\">\n\t\t\t\t\t\t\t\t\t<p>Na ka\u017cdych warsztatach spr\u00f3bujecie pysznej i zdrowej lemoniady, czy herbaty i kawy z miodem. A na koniec takich warsztat\u00f3w, sp\u0119dzicie jeszcze mi\u0142o czas przy cieple ogniska, zajadaj\u0105c si\u0119 pyszn\u0105 kie\u0142bask\u0105, czy te\u017c innych smako\u0142yk\u00f3w, kt\u00f3re mo\u017cecie przywie\u017a\u0107 do upieczenia na naszym r\u00f3\u017ccie<\/p>\t\t\t\t\t\t\t\t<\/div>\n\t\t\t\t<\/div>\n\t\t\t\t\t<\/div>\n\t\t<\/div>\n\t\t\t\t\t<\/div>\n\t\t<\/section>\n\t\t\t\t<\/div>\n\t\t","protected":false},"excerpt":{"rendered":"<p>Urodziny i inne spotkania W naszej zagrodzie mo\u017cecie zorganizowa\u0107 urodziny dla swojego dziecka, czy te\u017c inne spotkania rodzinne, czy integracyjne. Mog\u0119 Wam na nich opowiedzie\u0107 o pszczo\u0142ach, pokaza\u0107 je Wam, lub zrobi\u0107 wybrane przez Was warsztaty, kt\u00f3re proponujemy. Sprawicie swoim go\u015bciom wyj\u0105tkow\u0105 niespodziank\u0119 \u2013 po\u017cyteczny czas sp\u0119dzony na \u0142onie natury, w swobodnej atmosferze. Schemat warsztat\u00f3w &hellip;<\/p>\n<p class=\"read-more\"> <a class=\"\" href=\"https:\/\/pasiekawlipce.pl\/index.php\/zajecia-w-pasiece-3\/\"> <span class=\"screen-reader-text\">Urodziny i inne spotkania<\/span> Read More &raquo;<\/a><\/p>\n","protected":false},"author":1,"featured_media":0,"parent":0,"menu_order":0,"comment_status":"closed","ping_status":"closed","template":"elementor_header_footer","meta":{"site-sidebar-layout":"default","site-content-layout":"default","ast-global-header-display":"","ast-banner-title-visibility":"","ast-main-header-display":"","ast-hfb-above-header-display":"","ast-hfb-below-header-display":"","ast-hfb-mobile-header-display":"","site-post-title":"","ast-breadcrumbs-content":"","ast-featured-img":"","footer-sml-layout":"","theme-transparent-header-meta":"","adv-header-id-meta":"","stick-header-meta":"","header-above-stick-meta":"","header-main-stick-meta":"","header-below-stick-meta":"","footnotes":""},"class_list":["post-1560","page","type-page","status-publish","hentry"],"_links":{"self":[{"href":"https:\/\/pasiekawlipce.pl\/index.php\/wp-json\/wp\/v2\/pages\/1560","targetHints":{"allow":["GET"]}}],"collection":[{"href":"https:\/\/pasiekawlipce.pl\/index.php\/wp-json\/wp\/v2\/pages"}],"about":[{"href":"https:\/\/pasiekawlipce.pl\/index.php\/wp-json\/wp\/v2\/types\/page"}],"author":[{"embeddable":true,"href":"https:\/\/pasiekawlipce.pl\/index.php\/wp-json\/wp\/v2\/users\/1"}],"replies":[{"embeddable":true,"href":"https:\/\/pasiekawlipce.pl\/index.php\/wp-json\/wp\/v2\/comments?post=1560"}],"version-history":[{"count":49,"href":"https:\/\/pasiekawlipce.pl\/index.php\/wp-json\/wp\/v2\/pages\/1560\/revisions"}],"predecessor-version":[{"id":1963,"href":"https:\/\/pasiekawlipce.pl\/index.php\/wp-json\/wp\/v2\/pages\/1560\/revisions\/1963"}],"wp:attachment":[{"href":"https:\/\/pasiekawlipce.pl\/index.php\/wp-json\/wp\/v2\/media?parent=1560"}],"curies":[{"name":"wp","href":"https:\/\/api.w.org\/{rel}","templated":true}]}}