{"id":1590,"date":"2023-08-16T16:27:32","date_gmt":"2023-08-16T14:27:32","guid":{"rendered":"https:\/\/pasiekawlipce.pl\/?page_id=1590"},"modified":"2024-01-24T10:48:56","modified_gmt":"2024-01-24T09:48:56","slug":"zajecia-w-pasiece-4","status":"publish","type":"page","link":"https:\/\/pasiekawlipce.pl\/index.php\/zajecia-w-pasiece-4\/","title":{"rendered":"Miody i produkty pszczele"},"content":{"rendered":"\t\t<div data-elementor-type=\"wp-page\" data-elementor-id=\"1590\" class=\"elementor elementor-1590\" data-elementor-post-type=\"page\">\n\t\t\t\t\t\t<section class=\"elementor-section elementor-top-section elementor-element elementor-element-83746e8 elementor-section-height-min-height elementor-section-boxed elementor-section-height-default elementor-section-items-middle\" data-id=\"83746e8\" data-element_type=\"section\" data-e-type=\"section\" data-settings=\"{&quot;background_background&quot;:&quot;classic&quot;}\">\n\t\t\t\t\t\t\t<div class=\"elementor-background-overlay\"><\/div>\n\t\t\t\t\t\t\t<div class=\"elementor-container elementor-column-gap-default\">\n\t\t\t\t\t<div class=\"elementor-column elementor-col-100 elementor-top-column elementor-element elementor-element-09faee3\" data-id=\"09faee3\" data-element_type=\"column\" data-e-type=\"column\">\n\t\t\t<div class=\"elementor-widget-wrap elementor-element-populated\">\n\t\t\t\t\t\t<div class=\"elementor-element elementor-element-c7152a9 elementor-widget elementor-widget-heading\" data-id=\"c7152a9\" data-element_type=\"widget\" data-e-type=\"widget\" data-widget_type=\"heading.default\">\n\t\t\t\t<div class=\"elementor-widget-container\">\n\t\t\t\t\t<h1 class=\"elementor-heading-title elementor-size-default\">Miody i produkty pszczele<\/h1>\t\t\t\t<\/div>\n\t\t\t\t<\/div>\n\t\t\t\t\t<\/div>\n\t\t<\/div>\n\t\t\t\t\t<\/div>\n\t\t<\/section>\n\t\t\t\t<section class=\"elementor-section elementor-top-section elementor-element elementor-element-1f6049b elementor-section-boxed elementor-section-height-default elementor-section-height-default\" data-id=\"1f6049b\" data-element_type=\"section\" data-e-type=\"section\">\n\t\t\t\t\t\t<div class=\"elementor-container elementor-column-gap-default\">\n\t\t\t\t\t<div class=\"elementor-column elementor-col-100 elementor-top-column elementor-element elementor-element-66399f3\" data-id=\"66399f3\" data-element_type=\"column\" data-e-type=\"column\">\n\t\t\t<div class=\"elementor-widget-wrap elementor-element-populated\">\n\t\t\t\t\t\t<div class=\"elementor-element elementor-element-ae83c89 elementor-widget elementor-widget-heading\" data-id=\"ae83c89\" data-element_type=\"widget\" data-e-type=\"widget\" data-widget_type=\"heading.default\">\n\t\t\t\t<div class=\"elementor-widget-container\">\n\t\t\t\t\t<h4 class=\"elementor-heading-title elementor-size-default\">Nasza pasieka po\u0142o\u017cona jest w otulinie Krajobrazowego Parku Wzniesie\u0144 \u0141\u00f3dzkich, przy samym szlaku prowadz\u0105cym do Rezerwatu Przyrody Parowy Janinowskie. Wiosn\u0105 okoliczne \u0142\u0105ki, rowy pokryte s\u0105 kwiatami mniszka lekarskiego. Nast\u0119pnie coraz cz\u0119\u015bciej zakwitaj\u0105 siane rzepaki ozime. Po rzepaku zakwitaj\u0105 liczne zagajniki robinii akacjowej. W okolicy rzeki, przy kt\u00f3rej stoi pasieka, ro\u015bnie mn\u00f3stwo zi\u00f3\u0142 \u2013 przede wszystkim mi\u0119ta. W Lipce nie brakuje oczywi\u015bcie lip, na kt\u00f3rych wyst\u0119puje te\u017c spad\u017a. Mi\u00f3d lipowy z dodatkiem spadzi \u2013 rarytas. Po lipie zakwitaj\u0105 chabry, poplony i na wielu nieu\u017cytkach naw\u0142ocie. \nDooko\u0142a s\u0105 ma\u0142e gospodarstwa, co sprawia, \u017ce wyst\u0119puje du\u017ca r\u00f3\u017cnorodno\u015b\u0107 po\u017cytk\u00f3w. Przewo\u017c\u0105c nasze pszczo\u0142y w inne miejsca, pozyskujemy miody odmianowe.\nW naszej pasiece mo\u017cecie kupi\u0107 miody: rzepakowy, mniszkowy, akacjowy, lipowy, faceliowy, gryczany, naw\u0142ociowy (nie zawsze). Pozyskujemy te\u017c miody wielokwiatowe, w tym pyszne i aromatyczne miody le\u015bne. \n<\/h4>\t\t\t\t<\/div>\n\t\t\t\t<\/div>\n\t\t\t\t\t<\/div>\n\t\t<\/div>\n\t\t\t\t\t<\/div>\n\t\t<\/section>\n\t\t\t\t<section class=\"elementor-section elementor-top-section elementor-element elementor-element-40e8929 elementor-section-boxed elementor-section-height-default elementor-section-height-default\" data-id=\"40e8929\" data-element_type=\"section\" data-e-type=\"section\">\n\t\t\t\t\t\t<div class=\"elementor-container elementor-column-gap-default\">\n\t\t\t\t\t<div class=\"elementor-column elementor-col-100 elementor-top-column elementor-element elementor-element-9227b70\" data-id=\"9227b70\" data-element_type=\"column\" data-e-type=\"column\">\n\t\t\t<div class=\"elementor-widget-wrap elementor-element-populated\">\n\t\t\t\t\t\t<div class=\"elementor-element elementor-element-57e3ca8 elementor-widget elementor-widget-heading\" data-id=\"57e3ca8\" data-element_type=\"widget\" data-e-type=\"widget\" data-widget_type=\"heading.default\">\n\t\t\t\t<div class=\"elementor-widget-container\">\n\t\t\t\t\t<h2 class=\"elementor-heading-title elementor-size-default\">Miody<\/h2>\t\t\t\t<\/div>\n\t\t\t\t<\/div>\n\t\t\t\t\t<\/div>\n\t\t<\/div>\n\t\t\t\t\t<\/div>\n\t\t<\/section>\n\t\t\t\t<section class=\"elementor-section elementor-top-section elementor-element elementor-element-83d89a2 elementor-section-boxed elementor-section-height-default elementor-section-height-default\" data-id=\"83d89a2\" data-element_type=\"section\" data-e-type=\"section\">\n\t\t\t\t\t\t<div class=\"elementor-container elementor-column-gap-default\">\n\t\t\t\t\t<div class=\"elementor-column elementor-col-100 elementor-top-column elementor-element elementor-element-8911a36\" data-id=\"8911a36\" data-element_type=\"column\" data-e-type=\"column\">\n\t\t\t<div class=\"elementor-widget-wrap elementor-element-populated\">\n\t\t\t\t\t\t<div class=\"elementor-element elementor-element-53ab28a elementor-widget elementor-widget-text-editor\" data-id=\"53ab28a\" data-element_type=\"widget\" data-e-type=\"widget\" data-widget_type=\"text-editor.default\">\n\t\t\t\t<div class=\"elementor-widget-container\">\n\t\t\t\t\t\t\t\t\t<p>Czasem klienci pytaj\u0105: kt\u00f3ry mi\u00f3d jest najlepszy? Najzdrowszy?<\/p><p>A ja zawsze odpowiadam, \u017ce ten, kt\u00f3ry najbardziej Wam smakuje, i ten, kt\u00f3rego Wasz organizm potrzebuje. Znajdziecie tu po kr\u00f3tce opisane w\u0142a\u015bciwo\u015bci miod\u00f3w, kt\u00f3re mo\u017cna u nas zakupi\u0107. Jaki nie wybierzecie, to ka\u017cdy Was wzmocni i uodporni. A je\u015bli potrzebujecie czego\u015b wi\u0119cej, to szukajcie takich w\u0142a\u015bciwo\u015bci, kt\u00f3re pomog\u0105 za\u0142agodzi\u0107 Wasze dolegliwo\u015bci zdrowotne.<\/p><p>Mi\u00f3d jest naturaln\u0105, s\u0142odk\u0105 substancj\u0105, wytwarzan\u0105 przez pszczo\u0142y z nektaru kwiat\u00f3w i spadzi. Pszczo\u0142y produkuj\u0105 r\u00f3\u017cne rodzaje miodu w zale\u017cno\u015bci od regionu, w kt\u00f3rym \u017cyj\u0105 i ro\u015blin, do kt\u00f3rych maj\u0105 dost\u0119p. Mi\u00f3d mo\u017ce by\u0107 p\u0142ynny lub skrystalizowany. Dobry mi\u00f3d (opr\u00f3cz akacjowego i spadziowego) powinien ulega\u0107 krystalizacji w ci\u0105gu 3-4 miesi\u0119cy. Ale je\u015bli jest przechowywany w temperaturze poni\u017cej 15\u00b0C proces ten zachodzi szybciej. Mi\u00f3d p\u0142ynny nazywamy patok\u0105, a skrystalizowany krupcem. Aby rozpu\u015bci\u0107 skrystalizowany mi\u00f3d, s\u0142oik mo\u017cna zanurzy\u0107 w ciep\u0142ej wodzie lub umie\u015bci\u0107 w nagrzanym piekarniku o temperaturze nie wy\u017cszej ni\u017c 40\u00b0C, gdy\u017c w wy\u017cszej traci swoje w\u0142a\u015bciwo\u015bci.<\/p><p>Pami\u0119tajcie,\u00a0 \u017ce, aby uzyska\u0107 100% tego, co ma w sobie dobrego, nale\u017cy go spo\u017cywa\u0107 tak, jak daje nam natura : na \u0142y\u017ceczce, na kanapce, wafelku, czy napoju. Je\u015bli dodajecie go do herbaty, mleka, kawy, to pami\u0119tajcie, aby Wasz nap\u00f3j mia\u0142 temperatur\u0119 nie wy\u017csz\u0105 ni\u017c 40 stopni. W innym wypadku da on nam tylko walory smakowe, a nie lecznicze.<\/p><p>Miody dzielimy na:<\/p><p><b>Nektarowe<\/b> \u2013 uzyskiwane z nektaru kwiat\u00f3w<\/p><p><b>Spadziowe<\/b> \u2013 uzyskiwane z wydzielin mszyc \u017ceruj\u0105cych na drzewach iglastych i li\u015bciastych<\/p><p>Je\u015bli mi\u00f3d jest zrobiony z przewa\u017caj\u0105cej cz\u0119\u015bci z nektaru jednej ro\u015bliny \u2013 mamy do czynienia z miodem odmianowym.<\/p><p>Je\u015bli w czasie kwitnienia ro\u015blin pszczo\u0142y przynosz\u0105 do ula r\u00f3wnie\u017c spad\u017a, m\u00f3wimy o miodzie mieszanym nektarowo-spadziowym.<\/p><p><b>Mi\u00f3d rzepakowy<\/b><\/p><p>Ma jasny, s\u0142omkowy kolor, szybko si\u0119 krystalizuje, w\u00f3wczas w konsystencji przypomina smalec, a kolor staje si\u0119 kremowy lub bia\u0142y. Szczeg\u00f3lnie polecany dla os\u00f3b z chorobami serca, uk\u0142adu kr\u0105\u017cenia. Przyspiesza gojenie si\u0119 ran, zapobiega si\u0119 tworzeniu p\u0119cherzy po oparzeniach.<\/p><p><b>Mi\u00f3d akacjowy<\/b><\/p><p>Ma jasny kolor i du\u017ca zawarto\u015b\u0107 fruktozy. Szczeg\u00f3lnie pomocny w leczeniu chor\u00f3b uk\u0142adu pokarmowego (chorobie wrzodowej), \u0142agodnie wycisza i u\u0142atwia zasypianie.<\/p><p>Jest to mi\u00f3d, kt\u00f3ry mog\u0105 spo\u017cywa\u0107 osoby z cukrzyc\u0105, gdy\u017c zawiera on du\u017co wi\u0119cej fruktozy, ni\u017c glukozy.<\/p><p><b>Mi\u00f3d faceliowy<\/b><\/p><p>Zapobiega przezi\u0119bieniom oraz stanom zapalnym dr\u00f3g oddechowych (stosowany z r\u00f3wnym skutkiem co mi\u00f3d spadziowy). Wspomaga choroby uk\u0142adu pokarmowego: nie\u017cyt \u017co\u0142\u0105dka, wrzody \u017co\u0142\u0105dka i dwunastnicy, w\u0105troba, trzustka, woreczek \u017c\u00f3\u0142ciowy. Wspomaga leczenie astmy oskrzelowej. Wspomaga przy wzmo\u017conym wysi\u0142ku fizycznym i wysi\u0142ku intelektualnym.<\/p><p><b>Mi\u00f3d lipowy<\/b><\/p><p>W stanie p\u0142ynnym ma kolor jasno\u017c\u00f3\u0142ty, z bursztynowym i lekko zielonkawym odcieniem. W zapachu przypomina kwiat lipy. Ma wyrazisty smak, czasami z lekk\u0105 goryczk\u0105. Szczeg\u00f3lnie polecany w przypadku gryp i przezi\u0119bie\u0144 ze wzgl\u0119du na w\u0142a\u015bciwo\u015bci antyseptyczne, przeciwgor\u0105czkowe i wykrztu\u015bne oraz wysok\u0105 aktywno\u015b\u0107 antybiotyczn\u0105.<\/p><p><b>Mi\u00f3d gryczany<\/b><\/p><p>Zazwyczaj o brunatnym lub ciemnoherbacianym kolorze. Ma charakterystyczny i zdecydowany zapach i smak. Polecany przy chorobie wie\u0144cowej i nadci\u015bnieniu, ze wzgl\u0119du na du\u017c\u0105 zawarto\u015b\u0107 rutyny \u2013 substancji oczyszczaj\u0105cej i wzmacniaj\u0105cej naczynia krwiono\u015bne. Przyspiesza gojenie si\u0119 ran i zrastanie si\u0119 ko\u015bci. Wzmacnia uk\u0142ad odporno\u015bciowy, wzmacnia wzrok i s\u0142uch. Polecany r\u00f3wnie\u017c w stanach os\u0142abienia pami\u0119ci.<\/p><p><b>Mi\u00f3d naw\u0142ociowy<\/b><\/p><p>Od niedawna pozyskiwany w Polsce. Ma charakterystyczny kwa\u015bno-s\u0142odki smak, barw\u0119 ciemno\u017c\u00f3\u0142t\u0105, kt\u00f3ra po skrystalizowaniu ja\u015bnieje. Ceniony ze wzgl\u0119du na wysok\u0105 aktywno\u015b\u0107 antybiotyczn\u0105. Stosowany przy leczeniu grypy, przezi\u0119bie\u0144, dr\u00f3g moczowych i zapale\u0144 jelit.<\/p><p><b>Mi\u00f3d wielokwiatowy<\/b><\/p><p>Zwany miodem tysi\u0105ca kwiat\u00f3w, wytwarzany jest z nektar\u00f3w r\u00f3\u017cnych kwiat\u00f3w, kwitn\u0105cych w tym samym czasie na polach, \u0142\u0105kach, sadach i lasach. Nektar zebrany w okresie wiosennym daje jasny kolor i \u0142agodny smak, za\u015b w okresie letnim \u2013 ciemniejszy kolor i bardziej zdecydowany smak. Ze wzgl\u0119du na \u0142agodny smak polecany dzieciom przy leczeniu grypy i przezi\u0119bie\u0144. Mo\u017ce tez by\u0107 stosowany profilaktycznie.<\/p>\t\t\t\t\t\t\t\t<\/div>\n\t\t\t\t<\/div>\n\t\t\t\t\t<\/div>\n\t\t<\/div>\n\t\t\t\t\t<\/div>\n\t\t<\/section>\n\t\t\t\t<section class=\"elementor-section elementor-top-section elementor-element elementor-element-61f8b16 elementor-section-boxed elementor-section-height-default elementor-section-height-default\" data-id=\"61f8b16\" data-element_type=\"section\" data-e-type=\"section\">\n\t\t\t\t\t\t<div class=\"elementor-container elementor-column-gap-default\">\n\t\t\t\t\t<div class=\"elementor-column elementor-col-100 elementor-top-column elementor-element elementor-element-4b5faef\" data-id=\"4b5faef\" data-element_type=\"column\" data-e-type=\"column\">\n\t\t\t<div class=\"elementor-widget-wrap elementor-element-populated\">\n\t\t\t\t\t\t<div class=\"elementor-element elementor-element-ed580d4 elementor-widget elementor-widget-heading\" data-id=\"ed580d4\" data-element_type=\"widget\" data-e-type=\"widget\" data-widget_type=\"heading.default\">\n\t\t\t\t<div class=\"elementor-widget-container\">\n\t\t\t\t\t<h2 class=\"elementor-heading-title elementor-size-default\">Produkty pszczele<\/h2>\t\t\t\t<\/div>\n\t\t\t\t<\/div>\n\t\t\t\t\t<\/div>\n\t\t<\/div>\n\t\t\t\t\t<\/div>\n\t\t<\/section>\n\t\t\t\t<section class=\"elementor-section elementor-top-section elementor-element elementor-element-e829880 elementor-section-boxed elementor-section-height-default elementor-section-height-default\" data-id=\"e829880\" data-element_type=\"section\" data-e-type=\"section\">\n\t\t\t\t\t\t<div class=\"elementor-container elementor-column-gap-default\">\n\t\t\t\t\t<div class=\"elementor-column elementor-col-100 elementor-top-column elementor-element elementor-element-bb745b0\" data-id=\"bb745b0\" data-element_type=\"column\" data-e-type=\"column\">\n\t\t\t<div class=\"elementor-widget-wrap elementor-element-populated\">\n\t\t\t\t\t\t<div class=\"elementor-element elementor-element-90e9621 elementor-widget elementor-widget-text-editor\" data-id=\"90e9621\" data-element_type=\"widget\" data-e-type=\"widget\" data-widget_type=\"text-editor.default\">\n\t\t\t\t<div class=\"elementor-widget-container\">\n\t\t\t\t\t\t\t\t\t<b>Py\u0142ek kwiatowy<\/b><br><br>\n\nMo\u017cna o nim pisa\u0107 i pisa\u0107, ale zanudziliby\u015bcie si\u0119 w ko\u0144cu. W skr\u00f3cie jest to bomba witaminowa, dawka wszystkiego, czego potrzebuje nasz organizm ka\u017cdego dnia. W sk\u0142ad py\u0142ku wchodz\u0105 bia\u0142ka i aminokwasy, w\u0119glowodany, lipidy i sterole, witaminy i biopierwiastki, flawonoidy i inne zwi\u0105zki. Aktywizuje przemian\u0119 materii, zu\u017cycie tlenu w tkankach. Pobudza czynno\u015bci szpiku kostnego. Normalizuje prac\u0119 w\u0105troby, nerek, \u017co\u0142\u0105dka, uk\u0142adu nerwowego i oddechowego, polecany przy anemii, zapaleniu nerw\u00f3w, prostacie, zmianach anatomicznych m\u00f3zgu, zawrotach i b\u00f3lach g\u0142owy, zaniku mi\u0119\u015bni pr\u0105\u017ckowanych, chorobach zaka\u017anych, tarczycy, nadci\u015bnieniu, chorobach uk\u0142adu kr\u0105\u017cenia, chorobach alergicznych, narz\u0105du wzroku, zaburzeniach starczych, nerwicach, chorobach psychicznych. Dzia\u0142a os\u0142onowo przy stosowaniu lek\u00f3w syntetycznych.\n\nProfilaktycznie: \u0142y\u017ceczka od herbaty (dzieci), \u0142y\u017cka sto\u0142owa (doro\u015bli) \u2013 wsypujemy do szklanki, w kt\u00f3rej czeka ciep\u0142a (nie gor\u0105ca) woda. Py\u0142ek niech nam troszk\u0119 nami\u0119knie i po 3-4 minutach mieszamy i pijemy. Najlepiej spo\u017cywa\u0107 na czczo.\n\nLeczniczo: w zale\u017cno\u015bci od choroby, czy te\u017c wyczerpania, os\u0142abienia organizmu, mo\u017cna dawk\u0119 py\u0142ku zwi\u0119ksza\u0107 do 3-5 razy na dob\u0119.<br><br>\n<b>Propolis<\/b><br><br>\n&nbsp;\n\n&nbsp;\n\nPoprawia wzrok, leczy stany zapalne jelit, regeneruje tkank\u0119 chrz\u0119stn\u0105 i kostn\u0105, zapobiega infekcjom, wzmacnia organizm, poprawia pami\u0119\u0107, sprawno\u015b\u0107 psychiczn\u0105 i fizyczn\u0105, leczy oparzenia sk\u00f3rne, \u0142uszczyc\u0119, egzem\u0119, owrzodzenia \u017cylakowe, odle\u017cyny, wzmacnia wzrost w\u0142os\u00f3w, stymuluje uk\u0142ad odporno\u015bciowy, dzia\u0142a znieczulaj\u0105co. Wykazuje w\u0142a\u015bciwo\u015bci przeciwzapalne, przeciwalergiczne, przeciwcukrzycowe, a tak\u017ce przeciwpr\u00f3chnicze.<br><br>\n\n&nbsp;\n\n<b>Pierzga<\/b> (nie pozyskujemy)<br>\n\n&nbsp;\n\n<b>Mleczko pszczele<\/b> (nie pozyskujemy)<br>\n\n&nbsp;\n\n<b>Wosk<\/b>\t\t\t\t\t\t\t\t<\/div>\n\t\t\t\t<\/div>\n\t\t\t\t\t<\/div>\n\t\t<\/div>\n\t\t\t\t\t<\/div>\n\t\t<\/section>\n\t\t\t\t<\/div>\n\t\t","protected":false},"excerpt":{"rendered":"<p>Miody i produkty pszczele Nasza pasieka po\u0142o\u017cona jest w otulinie Krajobrazowego Parku Wzniesie\u0144 \u0141\u00f3dzkich, przy samym szlaku prowadz\u0105cym do Rezerwatu Przyrody Parowy Janinowskie. Wiosn\u0105 okoliczne \u0142\u0105ki, rowy pokryte s\u0105 kwiatami mniszka lekarskiego. Nast\u0119pnie coraz cz\u0119\u015bciej zakwitaj\u0105 siane rzepaki ozime. Po rzepaku zakwitaj\u0105 liczne zagajniki robinii akacjowej. W okolicy rzeki, przy kt\u00f3rej stoi pasieka, ro\u015bnie mn\u00f3stwo &hellip;<\/p>\n<p class=\"read-more\"> <a class=\"\" href=\"https:\/\/pasiekawlipce.pl\/index.php\/zajecia-w-pasiece-4\/\"> <span class=\"screen-reader-text\">Miody i produkty pszczele<\/span> Read More &raquo;<\/a><\/p>\n","protected":false},"author":1,"featured_media":0,"parent":0,"menu_order":0,"comment_status":"closed","ping_status":"closed","template":"elementor_header_footer","meta":{"site-sidebar-layout":"default","site-content-layout":"default","ast-global-header-display":"","ast-banner-title-visibility":"","ast-main-header-display":"","ast-hfb-above-header-display":"","ast-hfb-below-header-display":"","ast-hfb-mobile-header-display":"","site-post-title":"","ast-breadcrumbs-content":"","ast-featured-img":"","footer-sml-layout":"","theme-transparent-header-meta":"","adv-header-id-meta":"","stick-header-meta":"","header-above-stick-meta":"","header-main-stick-meta":"","header-below-stick-meta":"","footnotes":""},"class_list":["post-1590","page","type-page","status-publish","hentry"],"_links":{"self":[{"href":"https:\/\/pasiekawlipce.pl\/index.php\/wp-json\/wp\/v2\/pages\/1590","targetHints":{"allow":["GET"]}}],"collection":[{"href":"https:\/\/pasiekawlipce.pl\/index.php\/wp-json\/wp\/v2\/pages"}],"about":[{"href":"https:\/\/pasiekawlipce.pl\/index.php\/wp-json\/wp\/v2\/types\/page"}],"author":[{"embeddable":true,"href":"https:\/\/pasiekawlipce.pl\/index.php\/wp-json\/wp\/v2\/users\/1"}],"replies":[{"embeddable":true,"href":"https:\/\/pasiekawlipce.pl\/index.php\/wp-json\/wp\/v2\/comments?post=1590"}],"version-history":[{"count":25,"href":"https:\/\/pasiekawlipce.pl\/index.php\/wp-json\/wp\/v2\/pages\/1590\/revisions"}],"predecessor-version":[{"id":1859,"href":"https:\/\/pasiekawlipce.pl\/index.php\/wp-json\/wp\/v2\/pages\/1590\/revisions\/1859"}],"wp:attachment":[{"href":"https:\/\/pasiekawlipce.pl\/index.php\/wp-json\/wp\/v2\/media?parent=1590"}],"curies":[{"name":"wp","href":"https:\/\/api.w.org\/{rel}","templated":true}]}}