{"id":1605,"date":"2023-08-16T16:38:19","date_gmt":"2023-08-16T14:38:19","guid":{"rendered":"https:\/\/pasiekawlipce.pl\/?page_id=1605"},"modified":"2024-01-24T12:01:39","modified_gmt":"2024-01-24T11:01:39","slug":"zajecia-w-pasiece-5","status":"publish","type":"page","link":"https:\/\/pasiekawlipce.pl\/index.php\/zajecia-w-pasiece-5\/","title":{"rendered":"Z \u017cycia pszcz\u00f3\u0142"},"content":{"rendered":"\t\t<div data-elementor-type=\"wp-page\" data-elementor-id=\"1605\" class=\"elementor elementor-1605\" data-elementor-post-type=\"page\">\n\t\t\t\t\t\t<section class=\"elementor-section elementor-top-section elementor-element elementor-element-83746e8 elementor-section-height-min-height elementor-section-boxed elementor-section-height-default elementor-section-items-middle\" data-id=\"83746e8\" data-element_type=\"section\" data-e-type=\"section\" data-settings=\"{&quot;background_background&quot;:&quot;classic&quot;}\">\n\t\t\t\t\t\t\t<div class=\"elementor-background-overlay\"><\/div>\n\t\t\t\t\t\t\t<div class=\"elementor-container elementor-column-gap-default\">\n\t\t\t\t\t<div class=\"elementor-column elementor-col-100 elementor-top-column elementor-element elementor-element-09faee3\" data-id=\"09faee3\" data-element_type=\"column\" data-e-type=\"column\">\n\t\t\t<div class=\"elementor-widget-wrap elementor-element-populated\">\n\t\t\t\t\t\t<div class=\"elementor-element elementor-element-c7152a9 elementor-widget elementor-widget-heading\" data-id=\"c7152a9\" data-element_type=\"widget\" data-e-type=\"widget\" data-widget_type=\"heading.default\">\n\t\t\t\t<div class=\"elementor-widget-container\">\n\t\t\t\t\t<h1 class=\"elementor-heading-title elementor-size-default\">Z \u017cycia pszcz\u00f3\u0142<\/h1>\t\t\t\t<\/div>\n\t\t\t\t<\/div>\n\t\t\t\t\t<\/div>\n\t\t<\/div>\n\t\t\t\t\t<\/div>\n\t\t<\/section>\n\t\t\t\t<section class=\"elementor-section elementor-top-section elementor-element elementor-element-1f6049b elementor-section-boxed elementor-section-height-default elementor-section-height-default\" data-id=\"1f6049b\" data-element_type=\"section\" data-e-type=\"section\">\n\t\t\t\t\t\t<div class=\"elementor-container elementor-column-gap-default\">\n\t\t\t\t\t<div class=\"elementor-column elementor-col-100 elementor-top-column elementor-element elementor-element-66399f3\" data-id=\"66399f3\" data-element_type=\"column\" data-e-type=\"column\">\n\t\t\t<div class=\"elementor-widget-wrap elementor-element-populated\">\n\t\t\t\t\t\t<div class=\"elementor-element elementor-element-ae83c89 elementor-widget elementor-widget-heading\" data-id=\"ae83c89\" data-element_type=\"widget\" data-e-type=\"widget\" data-widget_type=\"heading.default\">\n\t\t\t\t<div class=\"elementor-widget-container\">\n\t\t\t\t\t<h4 class=\"elementor-heading-title elementor-size-default\">\u017bycie pszcz\u00f3\u0142 jest bardzo fascynuj\u0105ce. Kiedy poznawa\u0142am je, to ka\u017cdego dnia moja fascynacja by\u0142a coraz wi\u0119ksza. Kiedy zagl\u0105dam do ula, wyci\u0105gam plastry z ula, to widok \u017cycia t\u0119tni\u0105cego na nim, odurza swoim pi\u0119knem i m\u0105dro\u015bci\u0105. W tym miejscu b\u0119d\u0119 si\u0119 dzieli\u0107 z Wami moimi spostrze\u017ceniami, moimi do\u015bwiadczeniami, moimi rado\u015bciami z bycia pszczelarzem. To tutaj mo\u017cecie poczyta\u0107 ciekawostki, kt\u00f3re b\u0119d\u0105 ca\u0142y czas dodawane. To tutaj poka\u017c\u0119 i opowiem Wam o tych najwa\u017cniejszych istotach na \u015bwiecie. Zagl\u0105dajcie<\/h4>\t\t\t\t<\/div>\n\t\t\t\t<\/div>\n\t\t\t\t\t<\/div>\n\t\t<\/div>\n\t\t\t\t\t<\/div>\n\t\t<\/section>\n\t\t\t\t<section class=\"elementor-section elementor-top-section elementor-element elementor-element-a92bf94 elementor-section-boxed elementor-section-height-default elementor-section-height-default\" data-id=\"a92bf94\" data-element_type=\"section\" data-e-type=\"section\">\n\t\t\t\t\t\t<div class=\"elementor-container elementor-column-gap-default\">\n\t\t\t\t\t<div class=\"elementor-column elementor-col-50 elementor-top-column elementor-element elementor-element-f485586\" data-id=\"f485586\" data-element_type=\"column\" data-e-type=\"column\">\n\t\t\t<div class=\"elementor-widget-wrap elementor-element-populated\">\n\t\t\t\t\t\t<div class=\"elementor-element elementor-element-b5d284b elementor-widget elementor-widget-image\" data-id=\"b5d284b\" data-element_type=\"widget\" data-e-type=\"widget\" data-widget_type=\"image.default\">\n\t\t\t\t<div class=\"elementor-widget-container\">\n\t\t\t\t\t\t\t\t\t\t\t\t\t\t\t\t<a href=\"https:\/\/pasiekawlipce.pl\/index.php\/zajecia-w-pasiece-5-2\/\">\n\t\t\t\t\t\t\t<img fetchpriority=\"high\" decoding=\"async\" width=\"1280\" height=\"854\" src=\"https:\/\/pasiekawlipce.pl\/wp-content\/uploads\/2024\/01\/honey-bees-insects-hive-337695.jpg\" class=\"attachment-full size-full wp-image-1771\" alt=\"p1\" srcset=\"https:\/\/pasiekawlipce.pl\/wp-content\/uploads\/2024\/01\/honey-bees-insects-hive-337695.jpg 1280w, https:\/\/pasiekawlipce.pl\/wp-content\/uploads\/2024\/01\/honey-bees-insects-hive-337695-300x200.jpg 300w, https:\/\/pasiekawlipce.pl\/wp-content\/uploads\/2024\/01\/honey-bees-insects-hive-337695-1024x683.jpg 1024w, https:\/\/pasiekawlipce.pl\/wp-content\/uploads\/2024\/01\/honey-bees-insects-hive-337695-768x512.jpg 768w\" sizes=\"(max-width: 1280px) 100vw, 1280px\" \/>\t\t\t\t\t\t\t\t<\/a>\n\t\t\t\t\t\t\t\t\t\t\t\t\t\t\t<\/div>\n\t\t\t\t<\/div>\n\t\t\t\t\t<\/div>\n\t\t<\/div>\n\t\t\t\t<div class=\"elementor-column elementor-col-50 elementor-top-column elementor-element elementor-element-7d00c84\" data-id=\"7d00c84\" data-element_type=\"column\" data-e-type=\"column\">\n\t\t\t<div class=\"elementor-widget-wrap elementor-element-populated\">\n\t\t\t\t\t\t<div class=\"elementor-element elementor-element-8ce1b85 elementor-widget elementor-widget-heading\" data-id=\"8ce1b85\" data-element_type=\"widget\" data-e-type=\"widget\" data-widget_type=\"heading.default\">\n\t\t\t\t<div class=\"elementor-widget-container\">\n\t\t\t\t\t<h3 class=\"elementor-heading-title elementor-size-default\"><a href=\"https:\/\/pasiekawlipce.pl\/index.php\/zajecia-w-pasiece-5-2\/\">Filmy<\/a><\/h3>\t\t\t\t<\/div>\n\t\t\t\t<\/div>\n\t\t\t\t<div class=\"elementor-element elementor-element-c31e03f elementor-widget elementor-widget-text-editor\" data-id=\"c31e03f\" data-element_type=\"widget\" data-e-type=\"widget\" data-widget_type=\"text-editor.default\">\n\t\t\t\t<div class=\"elementor-widget-container\">\n\t\t\t\t\t\t\t\t\t<p>Filmiki powstaj\u0105 podczas mojej pracy przy pszczo\u0142ach, czy te\u017c podczas zaj\u0119\u0107, kt\u00f3re prowadz\u0119. Nie s\u0105 idealne \u2013 s\u0105 po prostu z \u017cycia wzi\u0119teJ<\/p><p>Zapraszam do ogl\u0105daniaJ<\/p>\t\t\t\t\t\t\t\t<\/div>\n\t\t\t\t<\/div>\n\t\t\t\t\t<\/div>\n\t\t<\/div>\n\t\t\t\t\t<\/div>\n\t\t<\/section>\n\t\t\t\t<section class=\"elementor-section elementor-top-section elementor-element elementor-element-81b0575 elementor-section-boxed elementor-section-height-default elementor-section-height-default\" data-id=\"81b0575\" data-element_type=\"section\" data-e-type=\"section\">\n\t\t\t\t\t\t<div class=\"elementor-container elementor-column-gap-default\">\n\t\t\t\t\t<div class=\"elementor-column elementor-col-50 elementor-top-column elementor-element elementor-element-15cfb90\" data-id=\"15cfb90\" data-element_type=\"column\" data-e-type=\"column\">\n\t\t\t<div class=\"elementor-widget-wrap elementor-element-populated\">\n\t\t\t\t\t\t<div class=\"elementor-element elementor-element-3dd6d97 elementor-widget elementor-widget-image\" data-id=\"3dd6d97\" data-element_type=\"widget\" data-e-type=\"widget\" data-widget_type=\"image.default\">\n\t\t\t\t<div class=\"elementor-widget-container\">\n\t\t\t\t\t\t\t\t\t\t\t\t\t\t\t<img decoding=\"async\" width=\"1280\" height=\"853\" src=\"https:\/\/pasiekawlipce.pl\/wp-content\/uploads\/2024\/01\/sunflower-bees-nectar-5467771.jpg\" class=\"attachment-full size-full wp-image-1780\" alt=\"miod02\" srcset=\"https:\/\/pasiekawlipce.pl\/wp-content\/uploads\/2024\/01\/sunflower-bees-nectar-5467771.jpg 1280w, https:\/\/pasiekawlipce.pl\/wp-content\/uploads\/2024\/01\/sunflower-bees-nectar-5467771-300x200.jpg 300w, https:\/\/pasiekawlipce.pl\/wp-content\/uploads\/2024\/01\/sunflower-bees-nectar-5467771-1024x682.jpg 1024w, https:\/\/pasiekawlipce.pl\/wp-content\/uploads\/2024\/01\/sunflower-bees-nectar-5467771-768x512.jpg 768w\" sizes=\"(max-width: 1280px) 100vw, 1280px\" \/>\t\t\t\t\t\t\t\t\t\t\t\t\t\t\t<\/div>\n\t\t\t\t<\/div>\n\t\t\t\t\t<\/div>\n\t\t<\/div>\n\t\t\t\t<div class=\"elementor-column elementor-col-50 elementor-top-column elementor-element elementor-element-97c09ce\" data-id=\"97c09ce\" data-element_type=\"column\" data-e-type=\"column\">\n\t\t\t<div class=\"elementor-widget-wrap elementor-element-populated\">\n\t\t\t\t\t\t<div class=\"elementor-element elementor-element-cfc6530 elementor-widget elementor-widget-heading\" data-id=\"cfc6530\" data-element_type=\"widget\" data-e-type=\"widget\" data-widget_type=\"heading.default\">\n\t\t\t\t<div class=\"elementor-widget-container\">\n\t\t\t\t\t<h3 class=\"elementor-heading-title elementor-size-default\">Zdj\u0119cia<\/h3>\t\t\t\t<\/div>\n\t\t\t\t<\/div>\n\t\t\t\t<div class=\"elementor-element elementor-element-f06fcd5 elementor-widget elementor-widget-text-editor\" data-id=\"f06fcd5\" data-element_type=\"widget\" data-e-type=\"widget\" data-widget_type=\"text-editor.default\">\n\t\t\t\t<div class=\"elementor-widget-container\">\n\t\t\t\t\t\t\t\t\t<p>Zdj\u0119cia s\u0105 robione podczas pracy przy pszczo\u0142ach, lub podczas zaj\u0119\u0107, kt\u00f3re prowadz\u0119.<\/p><p>Zapraszam do ogl\u0105dania<\/p>\t\t\t\t\t\t\t\t<\/div>\n\t\t\t\t<\/div>\n\t\t\t\t\t<\/div>\n\t\t<\/div>\n\t\t\t\t\t<\/div>\n\t\t<\/section>\n\t\t\t\t<section class=\"elementor-section elementor-top-section elementor-element elementor-element-f2400c1 elementor-section-boxed elementor-section-height-default elementor-section-height-default\" data-id=\"f2400c1\" data-element_type=\"section\" data-e-type=\"section\">\n\t\t\t\t\t\t<div class=\"elementor-container elementor-column-gap-default\">\n\t\t\t\t\t<div class=\"elementor-column elementor-col-50 elementor-top-column elementor-element elementor-element-7609ad3\" data-id=\"7609ad3\" data-element_type=\"column\" data-e-type=\"column\">\n\t\t\t<div class=\"elementor-widget-wrap elementor-element-populated\">\n\t\t\t\t\t\t<div class=\"elementor-element elementor-element-a26d886 elementor-widget elementor-widget-image\" data-id=\"a26d886\" data-element_type=\"widget\" data-e-type=\"widget\" data-widget_type=\"image.default\">\n\t\t\t\t<div class=\"elementor-widget-container\">\n\t\t\t\t\t\t\t\t\t\t\t\t\t\t\t<img decoding=\"async\" width=\"1280\" height=\"854\" src=\"https:\/\/pasiekawlipce.pl\/wp-content\/uploads\/2024\/01\/bees-hive-insects-326337.jpg\" class=\"attachment-full size-full wp-image-1793\" alt=\"bees, hive, insects-326337.jpg\" srcset=\"https:\/\/pasiekawlipce.pl\/wp-content\/uploads\/2024\/01\/bees-hive-insects-326337.jpg 1280w, https:\/\/pasiekawlipce.pl\/wp-content\/uploads\/2024\/01\/bees-hive-insects-326337-300x200.jpg 300w, https:\/\/pasiekawlipce.pl\/wp-content\/uploads\/2024\/01\/bees-hive-insects-326337-1024x683.jpg 1024w, https:\/\/pasiekawlipce.pl\/wp-content\/uploads\/2024\/01\/bees-hive-insects-326337-768x512.jpg 768w\" sizes=\"(max-width: 1280px) 100vw, 1280px\" \/>\t\t\t\t\t\t\t\t\t\t\t\t\t\t\t<\/div>\n\t\t\t\t<\/div>\n\t\t\t\t\t<\/div>\n\t\t<\/div>\n\t\t\t\t<div class=\"elementor-column elementor-col-50 elementor-top-column elementor-element elementor-element-40bfc21\" data-id=\"40bfc21\" data-element_type=\"column\" data-e-type=\"column\">\n\t\t\t<div class=\"elementor-widget-wrap elementor-element-populated\">\n\t\t\t\t\t\t<div class=\"elementor-element elementor-element-7cce840 elementor-widget elementor-widget-heading\" data-id=\"7cce840\" data-element_type=\"widget\" data-e-type=\"widget\" data-widget_type=\"heading.default\">\n\t\t\t\t<div class=\"elementor-widget-container\">\n\t\t\t\t\t<h3 class=\"elementor-heading-title elementor-size-default\">Ciekawostki<\/h3>\t\t\t\t<\/div>\n\t\t\t\t<\/div>\n\t\t\t\t<div class=\"elementor-element elementor-element-18dff64 elementor-widget elementor-widget-text-editor\" data-id=\"18dff64\" data-element_type=\"widget\" data-e-type=\"widget\" data-widget_type=\"text-editor.default\">\n\t\t\t\t<div class=\"elementor-widget-container\">\n\t\t\t\t\t\t\t\t\t<p>Postaram si\u0119 pokaza\u0107 Wam, jak pszczo\u0142y s\u0105 zorganizowane, jakie pe\u0142nia funkcje w swojej rodzinie. Znajdziecie tu ciekawostki, fakty, anegdoty. Wszystko po to, aby\u015bcie mogli poszerza\u0107 swoj\u0105 wiedz\u0119 o tych bezcennych stworzeniach, bez kt\u00f3rych nie przetrwamy.<\/p><p>Zapraszam<\/p>\t\t\t\t\t\t\t\t<\/div>\n\t\t\t\t<\/div>\n\t\t\t\t\t<\/div>\n\t\t<\/div>\n\t\t\t\t\t<\/div>\n\t\t<\/section>\n\t\t\t\t<\/div>\n\t\t","protected":false},"excerpt":{"rendered":"<p>Z \u017cycia pszcz\u00f3\u0142 \u017bycie pszcz\u00f3\u0142 jest bardzo fascynuj\u0105ce. Kiedy poznawa\u0142am je, to ka\u017cdego dnia moja fascynacja by\u0142a coraz wi\u0119ksza. Kiedy zagl\u0105dam do ula, wyci\u0105gam plastry z ula, to widok \u017cycia t\u0119tni\u0105cego na nim, odurza swoim pi\u0119knem i m\u0105dro\u015bci\u0105. W tym miejscu b\u0119d\u0119 si\u0119 dzieli\u0107 z Wami moimi spostrze\u017ceniami, moimi do\u015bwiadczeniami, moimi rado\u015bciami z bycia pszczelarzem. &hellip;<\/p>\n<p class=\"read-more\"> <a class=\"\" href=\"https:\/\/pasiekawlipce.pl\/index.php\/zajecia-w-pasiece-5\/\"> <span class=\"screen-reader-text\">Z \u017cycia pszcz\u00f3\u0142<\/span> Read More &raquo;<\/a><\/p>\n","protected":false},"author":1,"featured_media":0,"parent":0,"menu_order":0,"comment_status":"closed","ping_status":"closed","template":"elementor_header_footer","meta":{"site-sidebar-layout":"default","site-content-layout":"default","ast-global-header-display":"","ast-banner-title-visibility":"","ast-main-header-display":"","ast-hfb-above-header-display":"","ast-hfb-below-header-display":"","ast-hfb-mobile-header-display":"","site-post-title":"","ast-breadcrumbs-content":"","ast-featured-img":"","footer-sml-layout":"","theme-transparent-header-meta":"","adv-header-id-meta":"","stick-header-meta":"","header-above-stick-meta":"","header-main-stick-meta":"","header-below-stick-meta":"","footnotes":""},"class_list":["post-1605","page","type-page","status-publish","hentry"],"_links":{"self":[{"href":"https:\/\/pasiekawlipce.pl\/index.php\/wp-json\/wp\/v2\/pages\/1605","targetHints":{"allow":["GET"]}}],"collection":[{"href":"https:\/\/pasiekawlipce.pl\/index.php\/wp-json\/wp\/v2\/pages"}],"about":[{"href":"https:\/\/pasiekawlipce.pl\/index.php\/wp-json\/wp\/v2\/types\/page"}],"author":[{"embeddable":true,"href":"https:\/\/pasiekawlipce.pl\/index.php\/wp-json\/wp\/v2\/users\/1"}],"replies":[{"embeddable":true,"href":"https:\/\/pasiekawlipce.pl\/index.php\/wp-json\/wp\/v2\/comments?post=1605"}],"version-history":[{"count":31,"href":"https:\/\/pasiekawlipce.pl\/index.php\/wp-json\/wp\/v2\/pages\/1605\/revisions"}],"predecessor-version":[{"id":1887,"href":"https:\/\/pasiekawlipce.pl\/index.php\/wp-json\/wp\/v2\/pages\/1605\/revisions\/1887"}],"wp:attachment":[{"href":"https:\/\/pasiekawlipce.pl\/index.php\/wp-json\/wp\/v2\/media?parent=1605"}],"curies":[{"name":"wp","href":"https:\/\/api.w.org\/{rel}","templated":true}]}}