{"id":1655,"date":"2023-08-16T16:51:53","date_gmt":"2023-08-16T14:51:53","guid":{"rendered":"https:\/\/pasiekawlipce.pl\/?page_id=1655"},"modified":"2024-01-24T10:37:11","modified_gmt":"2024-01-24T09:37:11","slug":"zajecia-w-pasiece-6","status":"publish","type":"page","link":"https:\/\/pasiekawlipce.pl\/index.php\/zajecia-w-pasiece-6\/","title":{"rendered":"Zaj\u0119cia u Was"},"content":{"rendered":"\t\t<div data-elementor-type=\"wp-page\" data-elementor-id=\"1655\" class=\"elementor elementor-1655\" data-elementor-post-type=\"page\">\n\t\t\t\t\t\t<section class=\"elementor-section elementor-top-section elementor-element elementor-element-83746e8 elementor-section-height-min-height elementor-section-boxed elementor-section-height-default elementor-section-items-middle\" data-id=\"83746e8\" data-element_type=\"section\" data-e-type=\"section\" data-settings=\"{&quot;background_background&quot;:&quot;classic&quot;}\">\n\t\t\t\t\t\t\t<div class=\"elementor-background-overlay\"><\/div>\n\t\t\t\t\t\t\t<div class=\"elementor-container elementor-column-gap-default\">\n\t\t\t\t\t<div class=\"elementor-column elementor-col-100 elementor-top-column elementor-element elementor-element-09faee3\" data-id=\"09faee3\" data-element_type=\"column\" data-e-type=\"column\">\n\t\t\t<div class=\"elementor-widget-wrap elementor-element-populated\">\n\t\t\t\t\t\t<div class=\"elementor-element elementor-element-c7152a9 elementor-widget elementor-widget-heading\" data-id=\"c7152a9\" data-element_type=\"widget\" data-e-type=\"widget\" data-widget_type=\"heading.default\">\n\t\t\t\t<div class=\"elementor-widget-container\">\n\t\t\t\t\t<h1 class=\"elementor-heading-title elementor-size-default\">Zaj\u0119cia u Was<\/h1>\t\t\t\t<\/div>\n\t\t\t\t<\/div>\n\t\t\t\t\t<\/div>\n\t\t<\/div>\n\t\t\t\t\t<\/div>\n\t\t<\/section>\n\t\t\t\t<section class=\"elementor-section elementor-top-section elementor-element elementor-element-81b0575 elementor-section-boxed elementor-section-height-default elementor-section-height-default\" data-id=\"81b0575\" data-element_type=\"section\" data-e-type=\"section\">\n\t\t\t\t\t\t<div class=\"elementor-container elementor-column-gap-default\">\n\t\t\t\t\t<div class=\"elementor-column elementor-col-50 elementor-top-column elementor-element elementor-element-15cfb90\" data-id=\"15cfb90\" data-element_type=\"column\" data-e-type=\"column\">\n\t\t\t<div class=\"elementor-widget-wrap elementor-element-populated\">\n\t\t\t\t\t\t<div class=\"elementor-element elementor-element-a26d886 elementor-widget elementor-widget-image\" data-id=\"a26d886\" data-element_type=\"widget\" data-e-type=\"widget\" data-widget_type=\"image.default\">\n\t\t\t\t<div class=\"elementor-widget-container\">\n\t\t\t\t\t\t\t\t\t\t\t\t\t\t\t<img fetchpriority=\"high\" decoding=\"async\" width=\"1600\" height=\"1205\" src=\"https:\/\/pasiekawlipce.pl\/wp-content\/uploads\/2024\/01\/zdjecia-zajecia-u-Was-swiece-scaled.jpg\" class=\"attachment-full size-full wp-image-1810\" alt=\"\" srcset=\"https:\/\/pasiekawlipce.pl\/wp-content\/uploads\/2024\/01\/zdjecia-zajecia-u-Was-swiece-scaled.jpg 1600w, https:\/\/pasiekawlipce.pl\/wp-content\/uploads\/2024\/01\/zdjecia-zajecia-u-Was-swiece-300x226.jpg 300w, https:\/\/pasiekawlipce.pl\/wp-content\/uploads\/2024\/01\/zdjecia-zajecia-u-Was-swiece-1024x771.jpg 1024w, https:\/\/pasiekawlipce.pl\/wp-content\/uploads\/2024\/01\/zdjecia-zajecia-u-Was-swiece-768x578.jpg 768w, https:\/\/pasiekawlipce.pl\/wp-content\/uploads\/2024\/01\/zdjecia-zajecia-u-Was-swiece-1536x1157.jpg 1536w, https:\/\/pasiekawlipce.pl\/wp-content\/uploads\/2024\/01\/zdjecia-zajecia-u-Was-swiece-2048x1542.jpg 2048w\" sizes=\"(max-width: 1600px) 100vw, 1600px\" \/>\t\t\t\t\t\t\t\t\t\t\t\t\t\t\t<\/div>\n\t\t\t\t<\/div>\n\t\t\t\t\t<\/div>\n\t\t<\/div>\n\t\t\t\t<div class=\"elementor-column elementor-col-50 elementor-top-column elementor-element elementor-element-97c09ce\" data-id=\"97c09ce\" data-element_type=\"column\" data-e-type=\"column\">\n\t\t\t<div class=\"elementor-widget-wrap elementor-element-populated\">\n\t\t\t\t\t\t<div class=\"elementor-element elementor-element-cfc6530 elementor-widget elementor-widget-heading\" data-id=\"cfc6530\" data-element_type=\"widget\" data-e-type=\"widget\" data-widget_type=\"heading.default\">\n\t\t\t\t<div class=\"elementor-widget-container\">\n\t\t\t\t\t<h3 class=\"elementor-heading-title elementor-size-default\">Warsztaty z wyrobu \u015bwiec z wosku pszczelego<\/h3>\t\t\t\t<\/div>\n\t\t\t\t<\/div>\n\t\t\t\t<div class=\"elementor-element elementor-element-f06fcd5 elementor-widget elementor-widget-text-editor\" data-id=\"f06fcd5\" data-element_type=\"widget\" data-e-type=\"widget\" data-widget_type=\"text-editor.default\">\n\t\t\t\t<div class=\"elementor-widget-container\">\n\t\t\t\t\t\t\t\t\t&#8211; opowie\u015b\u0107 o \u017cyciu pszcz\u00f3\u0142 \u2013 co robi\u0105 zim\u0105, jak s\u0105 zorganizowane\n\n&#8211; robimy \u015bwieczki \u2013 przygotowujecie formy, kt\u00f3re zalewam woskiem.\nFormy maj\u0105 r\u00f3\u017cne kszta\u0142ty i jest to zawsze niespodziank\u0105, jaka figurka kryje si\u0119 w tej formie\n\n-podczas zastygania \u015bwiec pocz\u0119stuj\u0119 Was wafelkami z miodem\n\nCzas trwania warsztat\u00f3w: 1,5 h\n\nOkres: stycze\u0144, luty, marzec, lipiec, sierpie\u0144, pa\u017adziernik\t\t\t\t\t\t\t\t<\/div>\n\t\t\t\t<\/div>\n\t\t\t\t\t<\/div>\n\t\t<\/div>\n\t\t\t\t\t<\/div>\n\t\t<\/section>\n\t\t\t\t<section class=\"elementor-section elementor-top-section elementor-element elementor-element-f2400c1 elementor-section-boxed elementor-section-height-default elementor-section-height-default\" data-id=\"f2400c1\" data-element_type=\"section\" data-e-type=\"section\">\n\t\t\t\t\t\t<div class=\"elementor-container elementor-column-gap-default\">\n\t\t\t\t\t<div class=\"elementor-column elementor-col-50 elementor-top-column elementor-element elementor-element-7609ad3\" data-id=\"7609ad3\" data-element_type=\"column\" data-e-type=\"column\">\n\t\t\t<div class=\"elementor-widget-wrap elementor-element-populated\">\n\t\t\t\t\t\t<div class=\"elementor-element elementor-element-3dd6d97 elementor-widget elementor-widget-image\" data-id=\"3dd6d97\" data-element_type=\"widget\" data-e-type=\"widget\" data-widget_type=\"image.default\">\n\t\t\t\t<div class=\"elementor-widget-container\">\n\t\t\t\t\t\t\t\t\t\t\t\t\t\t\t<img decoding=\"async\" width=\"808\" height=\"908\" src=\"https:\/\/pasiekawlipce.pl\/wp-content\/uploads\/2024\/01\/warsztaty-u-Was-mydelka.jpg\" class=\"attachment-full size-full wp-image-1808\" alt=\"\" srcset=\"https:\/\/pasiekawlipce.pl\/wp-content\/uploads\/2024\/01\/warsztaty-u-Was-mydelka.jpg 808w, https:\/\/pasiekawlipce.pl\/wp-content\/uploads\/2024\/01\/warsztaty-u-Was-mydelka-267x300.jpg 267w, https:\/\/pasiekawlipce.pl\/wp-content\/uploads\/2024\/01\/warsztaty-u-Was-mydelka-768x863.jpg 768w\" sizes=\"(max-width: 808px) 100vw, 808px\" \/>\t\t\t\t\t\t\t\t\t\t\t\t\t\t\t<\/div>\n\t\t\t\t<\/div>\n\t\t\t\t\t<\/div>\n\t\t<\/div>\n\t\t\t\t<div class=\"elementor-column elementor-col-50 elementor-top-column elementor-element elementor-element-40bfc21\" data-id=\"40bfc21\" data-element_type=\"column\" data-e-type=\"column\">\n\t\t\t<div class=\"elementor-widget-wrap elementor-element-populated\">\n\t\t\t\t\t\t<div class=\"elementor-element elementor-element-7cce840 elementor-widget elementor-widget-heading\" data-id=\"7cce840\" data-element_type=\"widget\" data-e-type=\"widget\" data-widget_type=\"heading.default\">\n\t\t\t\t<div class=\"elementor-widget-container\">\n\t\t\t\t\t<h3 class=\"elementor-heading-title elementor-size-default\">Warsztaty z wyrobu myde\u0142ek glicerynowych:<\/h3>\t\t\t\t<\/div>\n\t\t\t\t<\/div>\n\t\t\t\t<div class=\"elementor-element elementor-element-18dff64 elementor-widget elementor-widget-text-editor\" data-id=\"18dff64\" data-element_type=\"widget\" data-e-type=\"widget\" data-widget_type=\"text-editor.default\">\n\t\t\t\t<div class=\"elementor-widget-container\">\n\t\t\t\t\t\t\t\t\t<p>&#8211; opowie\u015b\u0107 o \u017cyciu, co robi\u0105 zim\u0105, jak s\u0105 zorganizowane<\/p><p>&#8211; robimy myde\u0142ka \u2013 przygotowujemy zapach, kolor, dodatki. Tak przygotowana baza jest zalewana gliceryn\u0105<\/p><p>-degustacja miod\u00f3w na wafelkach \u2013 podczas zastygania myde\u0142ek spr\u00f3bujecie r\u00f3\u017cnych miod\u00f3w na wafelkach<\/p><p>Czas trwania warsztat\u00f3w: 1,5 h<\/p><p>Termin: stycze\u0144, luty, marzec, lipiec, sierpie\u0144, pa\u017adziernik<\/p>\t\t\t\t\t\t\t\t<\/div>\n\t\t\t\t<\/div>\n\t\t\t\t\t<\/div>\n\t\t<\/div>\n\t\t\t\t\t<\/div>\n\t\t<\/section>\n\t\t\t\t<\/div>\n\t\t","protected":false},"excerpt":{"rendered":"<p>Zaj\u0119cia u Was Warsztaty z wyrobu \u015bwiec z wosku pszczelego &#8211; opowie\u015b\u0107 o \u017cyciu pszcz\u00f3\u0142 \u2013 co robi\u0105 zim\u0105, jak s\u0105 zorganizowane &#8211; robimy \u015bwieczki \u2013 przygotowujecie formy, kt\u00f3re zalewam woskiem. Formy maj\u0105 r\u00f3\u017cne kszta\u0142ty i jest to zawsze niespodziank\u0105, jaka figurka kryje si\u0119 w tej formie -podczas zastygania \u015bwiec pocz\u0119stuj\u0119 Was wafelkami z miodem &hellip;<\/p>\n<p class=\"read-more\"> <a class=\"\" href=\"https:\/\/pasiekawlipce.pl\/index.php\/zajecia-w-pasiece-6\/\"> <span class=\"screen-reader-text\">Zaj\u0119cia u Was<\/span> Read More &raquo;<\/a><\/p>\n","protected":false},"author":1,"featured_media":0,"parent":0,"menu_order":0,"comment_status":"closed","ping_status":"closed","template":"elementor_header_footer","meta":{"site-sidebar-layout":"default","site-content-layout":"default","ast-global-header-display":"","ast-banner-title-visibility":"","ast-main-header-display":"","ast-hfb-above-header-display":"","ast-hfb-below-header-display":"","ast-hfb-mobile-header-display":"","site-post-title":"","ast-breadcrumbs-content":"","ast-featured-img":"","footer-sml-layout":"","theme-transparent-header-meta":"","adv-header-id-meta":"","stick-header-meta":"","header-above-stick-meta":"","header-main-stick-meta":"","header-below-stick-meta":"","footnotes":""},"class_list":["post-1655","page","type-page","status-publish","hentry"],"_links":{"self":[{"href":"https:\/\/pasiekawlipce.pl\/index.php\/wp-json\/wp\/v2\/pages\/1655","targetHints":{"allow":["GET"]}}],"collection":[{"href":"https:\/\/pasiekawlipce.pl\/index.php\/wp-json\/wp\/v2\/pages"}],"about":[{"href":"https:\/\/pasiekawlipce.pl\/index.php\/wp-json\/wp\/v2\/types\/page"}],"author":[{"embeddable":true,"href":"https:\/\/pasiekawlipce.pl\/index.php\/wp-json\/wp\/v2\/users\/1"}],"replies":[{"embeddable":true,"href":"https:\/\/pasiekawlipce.pl\/index.php\/wp-json\/wp\/v2\/comments?post=1655"}],"version-history":[{"count":16,"href":"https:\/\/pasiekawlipce.pl\/index.php\/wp-json\/wp\/v2\/pages\/1655\/revisions"}],"predecessor-version":[{"id":1837,"href":"https:\/\/pasiekawlipce.pl\/index.php\/wp-json\/wp\/v2\/pages\/1655\/revisions\/1837"}],"wp:attachment":[{"href":"https:\/\/pasiekawlipce.pl\/index.php\/wp-json\/wp\/v2\/media?parent=1655"}],"curies":[{"name":"wp","href":"https:\/\/api.w.org\/{rel}","templated":true}]}}